{"id":78,"date":"2017-12-12T11:24:21","date_gmt":"2017-12-12T15:24:21","guid":{"rendered":"http:\/\/ayuntamiento.guineo\/transparencia\/?page_id=78"},"modified":"2025-07-02T13:50:45","modified_gmt":"2025-07-02T17:50:45","slug":"definicion-oaim-oficina-de-acceso-a-la-informacion-municipal","status":"publish","type":"page","link":"https:\/\/juntamunicipalrioverdearriba.gob.do\/transparencia\/definicion-oaim-oficina-de-acceso-a-la-informacion-municipal\/","title":{"rendered":"Definici\u00f3n OAIM (Oficina de Acceso a la Informaci\u00f3n Municipal)"},"content":{"rendered":"<p data-start=\"154\" data-end=\"243\"><strong data-start=\"154\" data-end=\"243\">Libre Acceso a la Informaci\u00f3n en la Junta Municipal de R\u00edo Verde Arriba, Villa Cutup\u00fa<\/strong><\/p>\n<p data-start=\"245\" data-end=\"505\">La Junta Municipal de R\u00edo Verde Arriba, en Villa Cutup\u00fa, reafirma su compromiso con la transparencia, la rendici\u00f3n de cuentas y el respeto a los derechos ciudadanos, garantizando el cumplimiento de la Ley No. 200-04 sobre Libre Acceso a la Informaci\u00f3n P\u00fablica.<\/p>\n<p data-start=\"507\" data-end=\"731\">Bajo la direcci\u00f3n del Director Municipal, <strong data-start=\"549\" data-end=\"584\">Robert Donald Tolentino Grull\u00f3n<\/strong>, esta entidad trabaja de manera constante para asegurar que cada ciudadano tenga acceso a la informaci\u00f3n p\u00fablica de forma oportuna, veraz y clara.<\/p>\n<p data-start=\"733\" data-end=\"1129\">El Departamento de Libre Acceso a la Informaci\u00f3n est\u00e1 bajo la responsabilidad de la <strong data-start=\"817\" data-end=\"858\">Licda. Jacoba Eneroliza Torres Garc\u00eda<\/strong>, quien desempe\u00f1a sus funciones con responsabilidad, \u00e9tica y apego a las normativas establecidas. Este departamento tiene como finalidad recibir, gestionar y dar respuesta a las solicitudes de informaci\u00f3n de los mun\u00edcipes, promoviendo una gesti\u00f3n abierta y participativa.<\/p>\n<p data-start=\"1131\" data-end=\"1394\">Desde la Junta Municipal reafirmamos que el acceso a la informaci\u00f3n no solo es un derecho, sino una herramienta fundamental para fortalecer la democracia, fomentar la participaci\u00f3n ciudadana y garantizar una administraci\u00f3n p\u00fablica eficiente, justa y transparente.<\/p>\n","protected":false},"excerpt":{"rendered":"Libre Acceso a la Informaci\u00f3n en la Junta Municipal de R\u00edo Verde Arriba, Villa Cutup\u00fa La Junta Municipal de R\u00edo Verde Arriba, en Villa Cutup\u00fa, reafirma su compromiso con la transparencia, la rendici\u00f3n de cuentas y el respeto a los derechos ciudadanos, garantizando el cumplimiento de la Ley No. 200-04 sobre Libre Acceso a la&#8230;","protected":false},"author":1,"featured_media":0,"parent":0,"menu_order":0,"comment_status":"closed","ping_status":"closed","template":"","meta":[],"acf":[],"_links":{"self":[{"href":"https:\/\/juntamunicipalrioverdearriba.gob.do\/transparencia\/wp-json\/wp\/v2\/pages\/78"}],"collection":[{"href":"https:\/\/juntamunicipalrioverdearriba.gob.do\/transparencia\/wp-json\/wp\/v2\/pages"}],"about":[{"href":"https:\/\/juntamunicipalrioverdearriba.gob.do\/transparencia\/wp-json\/wp\/v2\/types\/page"}],"author":[{"embeddable":true,"href":"https:\/\/juntamunicipalrioverdearriba.gob.do\/transparencia\/wp-json\/wp\/v2\/users\/1"}],"replies":[{"embeddable":true,"href":"https:\/\/juntamunicipalrioverdearriba.gob.do\/transparencia\/wp-json\/wp\/v2\/comments?post=78"}],"version-history":[{"count":4,"href":"https:\/\/juntamunicipalrioverdearriba.gob.do\/transparencia\/wp-json\/wp\/v2\/pages\/78\/revisions"}],"predecessor-version":[{"id":946,"href":"https:\/\/juntamunicipalrioverdearriba.gob.do\/transparencia\/wp-json\/wp\/v2\/pages\/78\/revisions\/946"}],"wp:attachment":[{"href":"https:\/\/juntamunicipalrioverdearriba.gob.do\/transparencia\/wp-json\/wp\/v2\/media?parent=78"}],"curies":[{"name":"wp","href":"https:\/\/api.w.org\/{rel}","templated":true}]}}